{"id":1427,"date":"2022-07-19T21:15:57","date_gmt":"2022-07-19T21:15:57","guid":{"rendered":"https:\/\/frutosdelmauco.cl\/?post_type=product&#038;p=1427"},"modified":"2025-02-06T19:52:09","modified_gmt":"2025-02-06T19:52:09","slug":"mix-natural-sin-sal-1kg","status":"publish","type":"product","link":"https:\/\/frutosdelmauco.cl\/index.php\/producto\/mix-natural-sin-sal-1kg\/","title":{"rendered":"Mix Andino"},"content":{"rendered":"<p>Comer frutos secos como parte de una dieta saludable puede ser bueno para el coraz\u00f3n. Los frutos secos contienen \u00e1cidos grasos insaturados y otros nutrientes. Adem\u00e1s, son un excelente tentempi\u00e9: econ\u00f3micos, y f\u00e1ciles de guardar y de empaquetar para cuando tienes que salir.<\/p>\n<p>Elegir frutos secos en lugar de un tentempi\u00e9 menos saludable puede ayudarte a seguir una dieta saludable para el coraz\u00f3n.<\/p>\n<p><strong>Mix Andino compuesto por pasas, almendras y nueces sin sal.<\/strong><\/p>\n","protected":false},"excerpt":{"rendered":"<p>Comer frutos secos como parte de una dieta saludable puede ser bueno para el coraz\u00f3n. Los frutos secos contienen \u00e1cidos grasos insaturados y otros nutrientes. Adem\u00e1s, son un excelente tentempi\u00e9: econ\u00f3micos, y f\u00e1ciles de guardar y de empaquetar para cuando tienes que salir. Elegir frutos secos en lugar de un tentempi\u00e9 menos saludable puede ayudarte [&hellip;]<\/p>\n","protected":false},"featured_media":1673,"comment_status":"closed","ping_status":"closed","template":"","meta":[],"product_brand":[],"product_cat":[47],"product_tag":[],"class_list":{"0":"post-1427","1":"product","2":"type-product","3":"status-publish","4":"has-post-thumbnail","6":"product_cat-mix-frutos-secos","8":"first","9":"instock","10":"shipping-taxable","11":"purchasable","12":"product-type-variable"},"_links":{"self":[{"href":"https:\/\/frutosdelmauco.cl\/index.php\/wp-json\/wp\/v2\/product\/1427","targetHints":{"allow":["GET"]}}],"collection":[{"href":"https:\/\/frutosdelmauco.cl\/index.php\/wp-json\/wp\/v2\/product"}],"about":[{"href":"https:\/\/frutosdelmauco.cl\/index.php\/wp-json\/wp\/v2\/types\/product"}],"replies":[{"embeddable":true,"href":"https:\/\/frutosdelmauco.cl\/index.php\/wp-json\/wp\/v2\/comments?post=1427"}],"wp:featuredmedia":[{"embeddable":true,"href":"https:\/\/frutosdelmauco.cl\/index.php\/wp-json\/wp\/v2\/media\/1673"}],"wp:attachment":[{"href":"https:\/\/frutosdelmauco.cl\/index.php\/wp-json\/wp\/v2\/media?parent=1427"}],"wp:term":[{"taxonomy":"product_brand","embeddable":true,"href":"https:\/\/frutosdelmauco.cl\/index.php\/wp-json\/wp\/v2\/product_brand?post=1427"},{"taxonomy":"product_cat","embeddable":true,"href":"https:\/\/frutosdelmauco.cl\/index.php\/wp-json\/wp\/v2\/product_cat?post=1427"},{"taxonomy":"product_tag","embeddable":true,"href":"https:\/\/frutosdelmauco.cl\/index.php\/wp-json\/wp\/v2\/product_tag?post=1427"}],"curies":[{"name":"wp","href":"https:\/\/api.w.org\/{rel}","templated":true}]}}