{"id":1654,"date":"2022-08-24T21:07:42","date_gmt":"2022-08-24T21:07:42","guid":{"rendered":"https:\/\/frutosdelmauco.cl\/?post_type=product&#038;p=1654"},"modified":"2022-09-01T20:25:02","modified_gmt":"2022-09-01T20:25:02","slug":"mix-full","status":"publish","type":"product","link":"https:\/\/frutosdelmauco.cl\/index.php\/producto\/mix-full\/","title":{"rendered":"Mix Full"},"content":{"rendered":"<p>Comer frutos secos como parte de una dieta saludable puede ser bueno para el coraz\u00f3n. Los frutos secos contienen \u00e1cidos grasos insaturados y otros nutrientes. Adem\u00e1s, son un excelente tentempi\u00e9: econ\u00f3micos, y f\u00e1ciles de guardar y de empaquetar para cuando tienes que salir.<\/p>\n<p>Elegir frutos secos en lugar de un tentempi\u00e9 menos saludable puede ayudarte a seguir una dieta saludable para el coraz\u00f3n.<\/p>\n<p><strong>Mix Full compuesto por pasas, almendras, nueces y pistachos sin sal.<\/strong><\/p>\n","protected":false},"excerpt":{"rendered":"<p>Comer frutos secos como parte de una dieta saludable puede ser bueno para el coraz\u00f3n. Los frutos secos contienen \u00e1cidos grasos insaturados y otros nutrientes. Adem\u00e1s, son un excelente tentempi\u00e9: econ\u00f3micos, y f\u00e1ciles de guardar y de empaquetar para cuando tienes que salir. Elegir frutos secos en lugar de un tentempi\u00e9 menos saludable puede ayudarte [&hellip;]<\/p>\n","protected":false},"featured_media":1674,"comment_status":"closed","ping_status":"closed","template":"","meta":[],"product_brand":[],"product_cat":[47],"product_tag":[],"class_list":{"0":"post-1654","1":"product","2":"type-product","3":"status-publish","4":"has-post-thumbnail","6":"product_cat-mix-frutos-secos","8":"first","9":"instock","10":"shipping-taxable","11":"purchasable","12":"product-type-variable"},"_links":{"self":[{"href":"https:\/\/frutosdelmauco.cl\/index.php\/wp-json\/wp\/v2\/product\/1654","targetHints":{"allow":["GET"]}}],"collection":[{"href":"https:\/\/frutosdelmauco.cl\/index.php\/wp-json\/wp\/v2\/product"}],"about":[{"href":"https:\/\/frutosdelmauco.cl\/index.php\/wp-json\/wp\/v2\/types\/product"}],"replies":[{"embeddable":true,"href":"https:\/\/frutosdelmauco.cl\/index.php\/wp-json\/wp\/v2\/comments?post=1654"}],"wp:featuredmedia":[{"embeddable":true,"href":"https:\/\/frutosdelmauco.cl\/index.php\/wp-json\/wp\/v2\/media\/1674"}],"wp:attachment":[{"href":"https:\/\/frutosdelmauco.cl\/index.php\/wp-json\/wp\/v2\/media?parent=1654"}],"wp:term":[{"taxonomy":"product_brand","embeddable":true,"href":"https:\/\/frutosdelmauco.cl\/index.php\/wp-json\/wp\/v2\/product_brand?post=1654"},{"taxonomy":"product_cat","embeddable":true,"href":"https:\/\/frutosdelmauco.cl\/index.php\/wp-json\/wp\/v2\/product_cat?post=1654"},{"taxonomy":"product_tag","embeddable":true,"href":"https:\/\/frutosdelmauco.cl\/index.php\/wp-json\/wp\/v2\/product_tag?post=1654"}],"curies":[{"name":"wp","href":"https:\/\/api.w.org\/{rel}","templated":true}]}}