{"id":1693,"date":"2025-02-06T17:41:26","date_gmt":"2025-02-06T17:41:26","guid":{"rendered":"https:\/\/frutosdelmauco.cl\/?post_type=product&#038;p=1693"},"modified":"2025-02-06T17:43:50","modified_gmt":"2025-02-06T17:43:50","slug":"almendra-natural","status":"publish","type":"product","link":"https:\/\/frutosdelmauco.cl\/index.php\/producto\/almendra-natural\/","title":{"rendered":"Almendra Natural"},"content":{"rendered":"<p>La almendra natural es rica en vitamina E, antioxidantes y grasas saludables, favoreciendo la salud cardiovascular y la piel. Su alto contenido en fibra mejora la digesti\u00f3n y prolonga la sensaci\u00f3n de saciedad. Adem\u00e1s, aporta prote\u00ednas, calcio y magnesio, fortaleciendo huesos y m\u00fasculos. Es una fuente natural de energ\u00eda y un excelente snack saludable.<\/p>\n","protected":false},"excerpt":{"rendered":"<p>La almendra natural es rica en vitamina E, antioxidantes y grasas saludables, favoreciendo la salud cardiovascular y la piel. Su alto contenido en fibra mejora la digesti\u00f3n y prolonga la sensaci\u00f3n de saciedad. Adem\u00e1s, aporta prote\u00ednas, calcio y magnesio, fortaleciendo huesos y m\u00fasculos. Es una fuente natural de energ\u00eda y un excelente snack saludable.<\/p>\n","protected":false},"featured_media":1696,"comment_status":"closed","ping_status":"closed","template":"","meta":[],"product_brand":[],"product_cat":[45],"product_tag":[],"class_list":{"0":"post-1693","1":"product","2":"type-product","3":"status-publish","4":"has-post-thumbnail","6":"product_cat-frutos-secos","8":"first","9":"instock","10":"shipping-taxable","11":"purchasable","12":"product-type-variable"},"_links":{"self":[{"href":"https:\/\/frutosdelmauco.cl\/index.php\/wp-json\/wp\/v2\/product\/1693","targetHints":{"allow":["GET"]}}],"collection":[{"href":"https:\/\/frutosdelmauco.cl\/index.php\/wp-json\/wp\/v2\/product"}],"about":[{"href":"https:\/\/frutosdelmauco.cl\/index.php\/wp-json\/wp\/v2\/types\/product"}],"replies":[{"embeddable":true,"href":"https:\/\/frutosdelmauco.cl\/index.php\/wp-json\/wp\/v2\/comments?post=1693"}],"wp:featuredmedia":[{"embeddable":true,"href":"https:\/\/frutosdelmauco.cl\/index.php\/wp-json\/wp\/v2\/media\/1696"}],"wp:attachment":[{"href":"https:\/\/frutosdelmauco.cl\/index.php\/wp-json\/wp\/v2\/media?parent=1693"}],"wp:term":[{"taxonomy":"product_brand","embeddable":true,"href":"https:\/\/frutosdelmauco.cl\/index.php\/wp-json\/wp\/v2\/product_brand?post=1693"},{"taxonomy":"product_cat","embeddable":true,"href":"https:\/\/frutosdelmauco.cl\/index.php\/wp-json\/wp\/v2\/product_cat?post=1693"},{"taxonomy":"product_tag","embeddable":true,"href":"https:\/\/frutosdelmauco.cl\/index.php\/wp-json\/wp\/v2\/product_tag?post=1693"}],"curies":[{"name":"wp","href":"https:\/\/api.w.org\/{rel}","templated":true}]}}