{"id":1697,"date":"2025-02-06T17:48:08","date_gmt":"2025-02-06T17:48:08","guid":{"rendered":"https:\/\/frutosdelmauco.cl\/?post_type=product&#038;p=1697"},"modified":"2025-02-06T17:48:08","modified_gmt":"2025-02-06T17:48:08","slug":"almendra-laminada-sin-piel","status":"publish","type":"product","link":"https:\/\/frutosdelmauco.cl\/index.php\/producto\/almendra-laminada-sin-piel\/","title":{"rendered":"Almendra Laminada sin piel"},"content":{"rendered":"<p>La almendra laminada sin piel conserva sus nutrientes esenciales, como vitamina E, antioxidantes y grasas saludables, beneficiando el coraz\u00f3n y la piel. Su formato facilita su uso en recetas, aportando textura y sabor. Rica en fibra y prote\u00ednas, favorece la digesti\u00f3n y fortalece m\u00fasculos y huesos. Es una opci\u00f3n nutritiva y vers\u00e1til para una alimentaci\u00f3n equilibrada.<\/p>\n","protected":false},"excerpt":{"rendered":"<p>La almendra laminada sin piel conserva sus nutrientes esenciales, como vitamina E, antioxidantes y grasas saludables, beneficiando el coraz\u00f3n y la piel. Su formato facilita su uso en recetas, aportando textura y sabor. Rica en fibra y prote\u00ednas, favorece la digesti\u00f3n y fortalece m\u00fasculos y huesos. Es una opci\u00f3n nutritiva y vers\u00e1til para una alimentaci\u00f3n [&hellip;]<\/p>\n","protected":false},"featured_media":1700,"comment_status":"closed","ping_status":"closed","template":"","meta":[],"product_brand":[],"product_cat":[45],"product_tag":[],"class_list":{"0":"post-1697","1":"product","2":"type-product","3":"status-publish","4":"has-post-thumbnail","6":"product_cat-frutos-secos","8":"first","9":"instock","10":"shipping-taxable","11":"purchasable","12":"product-type-variable"},"_links":{"self":[{"href":"https:\/\/frutosdelmauco.cl\/index.php\/wp-json\/wp\/v2\/product\/1697","targetHints":{"allow":["GET"]}}],"collection":[{"href":"https:\/\/frutosdelmauco.cl\/index.php\/wp-json\/wp\/v2\/product"}],"about":[{"href":"https:\/\/frutosdelmauco.cl\/index.php\/wp-json\/wp\/v2\/types\/product"}],"replies":[{"embeddable":true,"href":"https:\/\/frutosdelmauco.cl\/index.php\/wp-json\/wp\/v2\/comments?post=1697"}],"wp:featuredmedia":[{"embeddable":true,"href":"https:\/\/frutosdelmauco.cl\/index.php\/wp-json\/wp\/v2\/media\/1700"}],"wp:attachment":[{"href":"https:\/\/frutosdelmauco.cl\/index.php\/wp-json\/wp\/v2\/media?parent=1697"}],"wp:term":[{"taxonomy":"product_brand","embeddable":true,"href":"https:\/\/frutosdelmauco.cl\/index.php\/wp-json\/wp\/v2\/product_brand?post=1697"},{"taxonomy":"product_cat","embeddable":true,"href":"https:\/\/frutosdelmauco.cl\/index.php\/wp-json\/wp\/v2\/product_cat?post=1697"},{"taxonomy":"product_tag","embeddable":true,"href":"https:\/\/frutosdelmauco.cl\/index.php\/wp-json\/wp\/v2\/product_tag?post=1697"}],"curies":[{"name":"wp","href":"https:\/\/api.w.org\/{rel}","templated":true}]}}