{"id":1705,"date":"2025-02-06T18:00:36","date_gmt":"2025-02-06T18:00:36","guid":{"rendered":"https:\/\/frutosdelmauco.cl\/?post_type=product&#038;p=1705"},"modified":"2025-02-06T18:07:58","modified_gmt":"2025-02-06T18:07:58","slug":"almendra-con-chocolate","status":"publish","type":"product","link":"https:\/\/frutosdelmauco.cl\/index.php\/producto\/almendra-con-chocolate\/","title":{"rendered":"Almendra con chocolate"},"content":{"rendered":"<p>Las almendras con chocolate combinan los beneficios de los antioxidantes y grasas saludables, favoreciendo la salud cardiovascular y cerebral. Aportan energ\u00eda de forma natural, siendo un snack delicioso y nutritivo. Ricas en fibra y prote\u00ednas, ayudan a la digesti\u00f3n y prolongan la saciedad. Su equilibrio entre dulzura y nutrici\u00f3n las convierte en una opci\u00f3n ideal para disfrutar sin culpa.<\/p>\n","protected":false},"excerpt":{"rendered":"<p>Las almendras con chocolate combinan los beneficios de los antioxidantes y grasas saludables, favoreciendo la salud cardiovascular y cerebral. Aportan energ\u00eda de forma natural, siendo un snack delicioso y nutritivo. Ricas en fibra y prote\u00ednas, ayudan a la digesti\u00f3n y prolongan la saciedad. Su equilibrio entre dulzura y nutrici\u00f3n las convierte en una opci\u00f3n ideal [&hellip;]<\/p>\n","protected":false},"featured_media":1706,"comment_status":"closed","ping_status":"closed","template":"","meta":[],"product_brand":[],"product_cat":[45],"product_tag":[],"class_list":{"0":"post-1705","1":"product","2":"type-product","3":"status-publish","4":"has-post-thumbnail","6":"product_cat-frutos-secos","8":"first","9":"instock","10":"shipping-taxable","11":"purchasable","12":"product-type-variable"},"_links":{"self":[{"href":"https:\/\/frutosdelmauco.cl\/index.php\/wp-json\/wp\/v2\/product\/1705","targetHints":{"allow":["GET"]}}],"collection":[{"href":"https:\/\/frutosdelmauco.cl\/index.php\/wp-json\/wp\/v2\/product"}],"about":[{"href":"https:\/\/frutosdelmauco.cl\/index.php\/wp-json\/wp\/v2\/types\/product"}],"replies":[{"embeddable":true,"href":"https:\/\/frutosdelmauco.cl\/index.php\/wp-json\/wp\/v2\/comments?post=1705"}],"wp:featuredmedia":[{"embeddable":true,"href":"https:\/\/frutosdelmauco.cl\/index.php\/wp-json\/wp\/v2\/media\/1706"}],"wp:attachment":[{"href":"https:\/\/frutosdelmauco.cl\/index.php\/wp-json\/wp\/v2\/media?parent=1705"}],"wp:term":[{"taxonomy":"product_brand","embeddable":true,"href":"https:\/\/frutosdelmauco.cl\/index.php\/wp-json\/wp\/v2\/product_brand?post=1705"},{"taxonomy":"product_cat","embeddable":true,"href":"https:\/\/frutosdelmauco.cl\/index.php\/wp-json\/wp\/v2\/product_cat?post=1705"},{"taxonomy":"product_tag","embeddable":true,"href":"https:\/\/frutosdelmauco.cl\/index.php\/wp-json\/wp\/v2\/product_tag?post=1705"}],"curies":[{"name":"wp","href":"https:\/\/api.w.org\/{rel}","templated":true}]}}