{"id":1709,"date":"2025-02-06T18:10:39","date_gmt":"2025-02-06T18:10:39","guid":{"rendered":"https:\/\/frutosdelmauco.cl\/?post_type=product&#038;p=1709"},"modified":"2025-02-06T18:10:39","modified_gmt":"2025-02-06T18:10:39","slug":"mani-tostado-con-sal","status":"publish","type":"product","link":"https:\/\/frutosdelmauco.cl\/index.php\/producto\/mani-tostado-con-sal\/","title":{"rendered":"Man\u00ed tostado con sal"},"content":{"rendered":"<p>El man\u00ed tostado con sal es una fuente natural de prote\u00ednas, fibra y grasas saludables, proporcionando energ\u00eda y saciedad. Rico en antioxidantes, magnesio y vitamina E, contribuye a la salud cardiovascular y muscular. Su contenido en sodio realza su sabor, siendo un snack crujiente y delicioso. Consumido con moderaci\u00f3n, es una opci\u00f3n nutritiva y satisfactoria.<\/p>\n","protected":false},"excerpt":{"rendered":"<p>El man\u00ed tostado con sal es una fuente natural de prote\u00ednas, fibra y grasas saludables, proporcionando energ\u00eda y saciedad. Rico en antioxidantes, magnesio y vitamina E, contribuye a la salud cardiovascular y muscular. Su contenido en sodio realza su sabor, siendo un snack crujiente y delicioso. Consumido con moderaci\u00f3n, es una opci\u00f3n nutritiva y satisfactoria.<\/p>\n","protected":false},"featured_media":1710,"comment_status":"closed","ping_status":"closed","template":"","meta":[],"product_brand":[],"product_cat":[45],"product_tag":[],"class_list":{"0":"post-1709","1":"product","2":"type-product","3":"status-publish","4":"has-post-thumbnail","6":"product_cat-frutos-secos","8":"first","9":"instock","10":"shipping-taxable","11":"purchasable","12":"product-type-variable"},"_links":{"self":[{"href":"https:\/\/frutosdelmauco.cl\/index.php\/wp-json\/wp\/v2\/product\/1709","targetHints":{"allow":["GET"]}}],"collection":[{"href":"https:\/\/frutosdelmauco.cl\/index.php\/wp-json\/wp\/v2\/product"}],"about":[{"href":"https:\/\/frutosdelmauco.cl\/index.php\/wp-json\/wp\/v2\/types\/product"}],"replies":[{"embeddable":true,"href":"https:\/\/frutosdelmauco.cl\/index.php\/wp-json\/wp\/v2\/comments?post=1709"}],"wp:featuredmedia":[{"embeddable":true,"href":"https:\/\/frutosdelmauco.cl\/index.php\/wp-json\/wp\/v2\/media\/1710"}],"wp:attachment":[{"href":"https:\/\/frutosdelmauco.cl\/index.php\/wp-json\/wp\/v2\/media?parent=1709"}],"wp:term":[{"taxonomy":"product_brand","embeddable":true,"href":"https:\/\/frutosdelmauco.cl\/index.php\/wp-json\/wp\/v2\/product_brand?post=1709"},{"taxonomy":"product_cat","embeddable":true,"href":"https:\/\/frutosdelmauco.cl\/index.php\/wp-json\/wp\/v2\/product_cat?post=1709"},{"taxonomy":"product_tag","embeddable":true,"href":"https:\/\/frutosdelmauco.cl\/index.php\/wp-json\/wp\/v2\/product_tag?post=1709"}],"curies":[{"name":"wp","href":"https:\/\/api.w.org\/{rel}","templated":true}]}}