{"id":1717,"date":"2025-02-06T18:17:30","date_gmt":"2025-02-06T18:17:30","guid":{"rendered":"https:\/\/frutosdelmauco.cl\/?post_type=product&#038;p=1717"},"modified":"2025-02-06T18:18:58","modified_gmt":"2025-02-06T18:18:58","slug":"mani-tostado-sin-sal","status":"publish","type":"product","link":"https:\/\/frutosdelmauco.cl\/index.php\/producto\/mani-tostado-sin-sal\/","title":{"rendered":"Man\u00ed tostado sin sal"},"content":{"rendered":"<p>El man\u00ed tostado sin sal es una excelente fuente de prote\u00ednas, fibra y grasas saludables, favoreciendo la energ\u00eda y la saciedad. Rico en antioxidantes, magnesio y vitamina E, contribuye a la salud cardiovascular y muscular. Al no contener sodio a\u00f1adido, es una opci\u00f3n m\u00e1s natural y equilibrada, ideal para una alimentaci\u00f3n saludable y un snack nutritivo.<\/p>\n","protected":false},"excerpt":{"rendered":"<p>El man\u00ed tostado sin sal es una excelente fuente de prote\u00ednas, fibra y grasas saludables, favoreciendo la energ\u00eda y la saciedad. Rico en antioxidantes, magnesio y vitamina E, contribuye a la salud cardiovascular y muscular. Al no contener sodio a\u00f1adido, es una opci\u00f3n m\u00e1s natural y equilibrada, ideal para una alimentaci\u00f3n saludable y un snack [&hellip;]<\/p>\n","protected":false},"featured_media":1718,"comment_status":"closed","ping_status":"closed","template":"","meta":[],"product_brand":[],"product_cat":[45],"product_tag":[],"class_list":{"0":"post-1717","1":"product","2":"type-product","3":"status-publish","4":"has-post-thumbnail","6":"product_cat-frutos-secos","8":"first","9":"instock","10":"shipping-taxable","11":"purchasable","12":"product-type-variable"},"_links":{"self":[{"href":"https:\/\/frutosdelmauco.cl\/index.php\/wp-json\/wp\/v2\/product\/1717","targetHints":{"allow":["GET"]}}],"collection":[{"href":"https:\/\/frutosdelmauco.cl\/index.php\/wp-json\/wp\/v2\/product"}],"about":[{"href":"https:\/\/frutosdelmauco.cl\/index.php\/wp-json\/wp\/v2\/types\/product"}],"replies":[{"embeddable":true,"href":"https:\/\/frutosdelmauco.cl\/index.php\/wp-json\/wp\/v2\/comments?post=1717"}],"wp:featuredmedia":[{"embeddable":true,"href":"https:\/\/frutosdelmauco.cl\/index.php\/wp-json\/wp\/v2\/media\/1718"}],"wp:attachment":[{"href":"https:\/\/frutosdelmauco.cl\/index.php\/wp-json\/wp\/v2\/media?parent=1717"}],"wp:term":[{"taxonomy":"product_brand","embeddable":true,"href":"https:\/\/frutosdelmauco.cl\/index.php\/wp-json\/wp\/v2\/product_brand?post=1717"},{"taxonomy":"product_cat","embeddable":true,"href":"https:\/\/frutosdelmauco.cl\/index.php\/wp-json\/wp\/v2\/product_cat?post=1717"},{"taxonomy":"product_tag","embeddable":true,"href":"https:\/\/frutosdelmauco.cl\/index.php\/wp-json\/wp\/v2\/product_tag?post=1717"}],"curies":[{"name":"wp","href":"https:\/\/api.w.org\/{rel}","templated":true}]}}