{"id":1726,"date":"2025-02-06T18:31:21","date_gmt":"2025-02-06T18:31:21","guid":{"rendered":"https:\/\/frutosdelmauco.cl\/?post_type=product&#038;p=1726"},"modified":"2025-02-06T18:31:21","modified_gmt":"2025-02-06T18:31:21","slug":"castanas-de-caji-sin-sal","status":"publish","type":"product","link":"https:\/\/frutosdelmauco.cl\/index.php\/producto\/castanas-de-caji-sin-sal\/","title":{"rendered":"Casta\u00f1as de caj\u00ed sin sal"},"content":{"rendered":"<p>Las casta\u00f1as de caj\u00fa sin sal son ricas en grasas saludables, prote\u00ednas y antioxidantes, favoreciendo la salud cardiovascular y cerebral. Aportan magnesio, zinc y hierro, fortaleciendo los huesos y el sistema inmunol\u00f3gico. Su textura suave y sabor natural las hacen ideales para una alimentaci\u00f3n equilibrada, siendo un snack nutritivo y vers\u00e1til para diversas preparaciones.<\/p>\n","protected":false},"excerpt":{"rendered":"<p>Las casta\u00f1as de caj\u00fa sin sal son ricas en grasas saludables, prote\u00ednas y antioxidantes, favoreciendo la salud cardiovascular y cerebral. Aportan magnesio, zinc y hierro, fortaleciendo los huesos y el sistema inmunol\u00f3gico. Su textura suave y sabor natural las hacen ideales para una alimentaci\u00f3n equilibrada, siendo un snack nutritivo y vers\u00e1til para diversas preparaciones.<\/p>\n","protected":false},"featured_media":1727,"comment_status":"closed","ping_status":"closed","template":"","meta":[],"product_brand":[],"product_cat":[45],"product_tag":[],"class_list":{"0":"post-1726","1":"product","2":"type-product","3":"status-publish","4":"has-post-thumbnail","6":"product_cat-frutos-secos","8":"first","9":"instock","10":"shipping-taxable","11":"purchasable","12":"product-type-variable"},"_links":{"self":[{"href":"https:\/\/frutosdelmauco.cl\/index.php\/wp-json\/wp\/v2\/product\/1726","targetHints":{"allow":["GET"]}}],"collection":[{"href":"https:\/\/frutosdelmauco.cl\/index.php\/wp-json\/wp\/v2\/product"}],"about":[{"href":"https:\/\/frutosdelmauco.cl\/index.php\/wp-json\/wp\/v2\/types\/product"}],"replies":[{"embeddable":true,"href":"https:\/\/frutosdelmauco.cl\/index.php\/wp-json\/wp\/v2\/comments?post=1726"}],"wp:featuredmedia":[{"embeddable":true,"href":"https:\/\/frutosdelmauco.cl\/index.php\/wp-json\/wp\/v2\/media\/1727"}],"wp:attachment":[{"href":"https:\/\/frutosdelmauco.cl\/index.php\/wp-json\/wp\/v2\/media?parent=1726"}],"wp:term":[{"taxonomy":"product_brand","embeddable":true,"href":"https:\/\/frutosdelmauco.cl\/index.php\/wp-json\/wp\/v2\/product_brand?post=1726"},{"taxonomy":"product_cat","embeddable":true,"href":"https:\/\/frutosdelmauco.cl\/index.php\/wp-json\/wp\/v2\/product_cat?post=1726"},{"taxonomy":"product_tag","embeddable":true,"href":"https:\/\/frutosdelmauco.cl\/index.php\/wp-json\/wp\/v2\/product_tag?post=1726"}],"curies":[{"name":"wp","href":"https:\/\/api.w.org\/{rel}","templated":true}]}}