{"id":1730,"date":"2025-02-06T18:40:22","date_gmt":"2025-02-06T18:40:22","guid":{"rendered":"https:\/\/frutosdelmauco.cl\/?post_type=product&#038;p=1730"},"modified":"2025-02-06T18:40:23","modified_gmt":"2025-02-06T18:40:23","slug":"pistacho-salado-con-cascara","status":"publish","type":"product","link":"https:\/\/frutosdelmauco.cl\/index.php\/producto\/pistacho-salado-con-cascara\/","title":{"rendered":"Pistacho salado con c\u00e1scara"},"content":{"rendered":"<p>El pistacho salado con c\u00e1scara es una excelente fuente de prote\u00ednas, fibra y grasas saludables, favoreciendo la salud del coraz\u00f3n y la digesti\u00f3n. Rico en antioxidantes, magnesio y vitamina B6, fortalece el sistema inmunol\u00f3gico y mejora la energ\u00eda. Su c\u00e1scara ayuda a controlar el consumo al comer m\u00e1s conscientemente, siendo un snack delicioso y nutritivo.<\/p>\n","protected":false},"excerpt":{"rendered":"<p>El pistacho salado con c\u00e1scara es una excelente fuente de prote\u00ednas, fibra y grasas saludables, favoreciendo la salud del coraz\u00f3n y la digesti\u00f3n. Rico en antioxidantes, magnesio y vitamina B6, fortalece el sistema inmunol\u00f3gico y mejora la energ\u00eda. Su c\u00e1scara ayuda a controlar el consumo al comer m\u00e1s conscientemente, siendo un snack delicioso y nutritivo.<\/p>\n","protected":false},"featured_media":1731,"comment_status":"closed","ping_status":"closed","template":"","meta":[],"product_brand":[],"product_cat":[45],"product_tag":[],"class_list":{"0":"post-1730","1":"product","2":"type-product","3":"status-publish","4":"has-post-thumbnail","6":"product_cat-frutos-secos","8":"first","9":"instock","10":"shipping-taxable","11":"purchasable","12":"product-type-variable"},"_links":{"self":[{"href":"https:\/\/frutosdelmauco.cl\/index.php\/wp-json\/wp\/v2\/product\/1730","targetHints":{"allow":["GET"]}}],"collection":[{"href":"https:\/\/frutosdelmauco.cl\/index.php\/wp-json\/wp\/v2\/product"}],"about":[{"href":"https:\/\/frutosdelmauco.cl\/index.php\/wp-json\/wp\/v2\/types\/product"}],"replies":[{"embeddable":true,"href":"https:\/\/frutosdelmauco.cl\/index.php\/wp-json\/wp\/v2\/comments?post=1730"}],"wp:featuredmedia":[{"embeddable":true,"href":"https:\/\/frutosdelmauco.cl\/index.php\/wp-json\/wp\/v2\/media\/1731"}],"wp:attachment":[{"href":"https:\/\/frutosdelmauco.cl\/index.php\/wp-json\/wp\/v2\/media?parent=1730"}],"wp:term":[{"taxonomy":"product_brand","embeddable":true,"href":"https:\/\/frutosdelmauco.cl\/index.php\/wp-json\/wp\/v2\/product_brand?post=1730"},{"taxonomy":"product_cat","embeddable":true,"href":"https:\/\/frutosdelmauco.cl\/index.php\/wp-json\/wp\/v2\/product_cat?post=1730"},{"taxonomy":"product_tag","embeddable":true,"href":"https:\/\/frutosdelmauco.cl\/index.php\/wp-json\/wp\/v2\/product_tag?post=1730"}],"curies":[{"name":"wp","href":"https:\/\/api.w.org\/{rel}","templated":true}]}}