{"id":1739,"date":"2025-02-06T18:58:56","date_gmt":"2025-02-06T18:58:56","guid":{"rendered":"https:\/\/frutosdelmauco.cl\/?post_type=product&#038;p=1739"},"modified":"2025-02-06T19:06:14","modified_gmt":"2025-02-06T19:06:14","slug":"avellana-europea-tostada","status":"publish","type":"product","link":"https:\/\/frutosdelmauco.cl\/index.php\/producto\/avellana-europea-tostada\/","title":{"rendered":"Avellana europea tostada"},"content":{"rendered":"<p>La avellana europea tostada es rica en grasas saludables, prote\u00ednas y fibra, promoviendo la salud cardiovascular y la digesti\u00f3n. Su alto contenido en antioxidantes, vitamina E y minerales como el magnesio refuerza el sistema inmunol\u00f3gico y protege la piel. Su sabor tostado intenso la convierte en un snack delicioso y nutritivo, ideal para disfrutar de manera saludable.<\/p>\n","protected":false},"excerpt":{"rendered":"<p>La avellana europea tostada es rica en grasas saludables, prote\u00ednas y fibra, promoviendo la salud cardiovascular y la digesti\u00f3n. Su alto contenido en antioxidantes, vitamina E y minerales como el magnesio refuerza el sistema inmunol\u00f3gico y protege la piel. Su sabor tostado intenso la convierte en un snack delicioso y nutritivo, ideal para disfrutar de [&hellip;]<\/p>\n","protected":false},"featured_media":1740,"comment_status":"closed","ping_status":"closed","template":"","meta":[],"product_brand":[],"product_cat":[45],"product_tag":[],"class_list":{"0":"post-1739","1":"product","2":"type-product","3":"status-publish","4":"has-post-thumbnail","6":"product_cat-frutos-secos","8":"first","9":"instock","10":"shipping-taxable","11":"purchasable","12":"product-type-variable"},"_links":{"self":[{"href":"https:\/\/frutosdelmauco.cl\/index.php\/wp-json\/wp\/v2\/product\/1739","targetHints":{"allow":["GET"]}}],"collection":[{"href":"https:\/\/frutosdelmauco.cl\/index.php\/wp-json\/wp\/v2\/product"}],"about":[{"href":"https:\/\/frutosdelmauco.cl\/index.php\/wp-json\/wp\/v2\/types\/product"}],"replies":[{"embeddable":true,"href":"https:\/\/frutosdelmauco.cl\/index.php\/wp-json\/wp\/v2\/comments?post=1739"}],"wp:featuredmedia":[{"embeddable":true,"href":"https:\/\/frutosdelmauco.cl\/index.php\/wp-json\/wp\/v2\/media\/1740"}],"wp:attachment":[{"href":"https:\/\/frutosdelmauco.cl\/index.php\/wp-json\/wp\/v2\/media?parent=1739"}],"wp:term":[{"taxonomy":"product_brand","embeddable":true,"href":"https:\/\/frutosdelmauco.cl\/index.php\/wp-json\/wp\/v2\/product_brand?post=1739"},{"taxonomy":"product_cat","embeddable":true,"href":"https:\/\/frutosdelmauco.cl\/index.php\/wp-json\/wp\/v2\/product_cat?post=1739"},{"taxonomy":"product_tag","embeddable":true,"href":"https:\/\/frutosdelmauco.cl\/index.php\/wp-json\/wp\/v2\/product_tag?post=1739"}],"curies":[{"name":"wp","href":"https:\/\/api.w.org\/{rel}","templated":true}]}}