{"id":1747,"date":"2025-02-06T19:16:56","date_gmt":"2025-02-06T19:16:56","guid":{"rendered":"https:\/\/frutosdelmauco.cl\/?post_type=product&#038;p=1747"},"modified":"2025-02-06T19:16:56","modified_gmt":"2025-02-06T19:16:56","slug":"pasas-morenas","status":"publish","type":"product","link":"https:\/\/frutosdelmauco.cl\/index.php\/producto\/pasas-morenas\/","title":{"rendered":"Pasas morenas"},"content":{"rendered":"<p>Las pasas morenas son ricas en fibra, antioxidantes y minerales como el hierro, potasio y calcio, lo que favorece la digesti\u00f3n y la salud \u00f3sea. Su contenido natural de az\u00facares proporciona energ\u00eda de manera r\u00e1pida y sostenida. Adem\u00e1s, ayudan a mejorar la circulaci\u00f3n sangu\u00ednea y refuerzan el sistema inmunol\u00f3gico. Son un snack delicioso y nutritivo, ideal para incorporar en diversas recetas.<\/p>\n","protected":false},"excerpt":{"rendered":"<p>Las pasas morenas son ricas en fibra, antioxidantes y minerales como el hierro, potasio y calcio, lo que favorece la digesti\u00f3n y la salud \u00f3sea. Su contenido natural de az\u00facares proporciona energ\u00eda de manera r\u00e1pida y sostenida. Adem\u00e1s, ayudan a mejorar la circulaci\u00f3n sangu\u00ednea y refuerzan el sistema inmunol\u00f3gico. Son un snack delicioso y nutritivo, [&hellip;]<\/p>\n","protected":false},"featured_media":1750,"comment_status":"closed","ping_status":"closed","template":"","meta":[],"product_brand":[],"product_cat":[46],"product_tag":[],"class_list":{"0":"post-1747","1":"product","2":"type-product","3":"status-publish","4":"has-post-thumbnail","6":"product_cat-frutos-deshidratados","8":"first","9":"instock","10":"shipping-taxable","11":"purchasable","12":"product-type-variable"},"_links":{"self":[{"href":"https:\/\/frutosdelmauco.cl\/index.php\/wp-json\/wp\/v2\/product\/1747","targetHints":{"allow":["GET"]}}],"collection":[{"href":"https:\/\/frutosdelmauco.cl\/index.php\/wp-json\/wp\/v2\/product"}],"about":[{"href":"https:\/\/frutosdelmauco.cl\/index.php\/wp-json\/wp\/v2\/types\/product"}],"replies":[{"embeddable":true,"href":"https:\/\/frutosdelmauco.cl\/index.php\/wp-json\/wp\/v2\/comments?post=1747"}],"wp:featuredmedia":[{"embeddable":true,"href":"https:\/\/frutosdelmauco.cl\/index.php\/wp-json\/wp\/v2\/media\/1750"}],"wp:attachment":[{"href":"https:\/\/frutosdelmauco.cl\/index.php\/wp-json\/wp\/v2\/media?parent=1747"}],"wp:term":[{"taxonomy":"product_brand","embeddable":true,"href":"https:\/\/frutosdelmauco.cl\/index.php\/wp-json\/wp\/v2\/product_brand?post=1747"},{"taxonomy":"product_cat","embeddable":true,"href":"https:\/\/frutosdelmauco.cl\/index.php\/wp-json\/wp\/v2\/product_cat?post=1747"},{"taxonomy":"product_tag","embeddable":true,"href":"https:\/\/frutosdelmauco.cl\/index.php\/wp-json\/wp\/v2\/product_tag?post=1747"}],"curies":[{"name":"wp","href":"https:\/\/api.w.org\/{rel}","templated":true}]}}