{"id":1763,"date":"2025-02-06T19:56:16","date_gmt":"2025-02-06T19:56:16","guid":{"rendered":"https:\/\/frutosdelmauco.cl\/?post_type=product&#038;p=1763"},"modified":"2025-02-06T19:58:35","modified_gmt":"2025-02-06T19:58:35","slug":"semilla-de-zapallo","status":"publish","type":"product","link":"https:\/\/frutosdelmauco.cl\/index.php\/producto\/semilla-de-zapallo\/","title":{"rendered":"Semilla de zapallo"},"content":{"rendered":"<p>Las semillas de zapallo son ricas en prote\u00ednas, grasas saludables, fibra y antioxidantes, favoreciendo la salud cardiovascular y digestiva. Aportan minerales esenciales como el magnesio, zinc y hierro, que refuerzan el sistema inmunol\u00f3gico y mejoran la salud \u00f3sea. Son un snack delicioso y vers\u00e1til, ideal para agregar a ensaladas, batidos o disfrutar solas como una opci\u00f3n nutritiva y energ\u00e9tica.<\/p>\n","protected":false},"excerpt":{"rendered":"<p>Las semillas de zapallo son ricas en prote\u00ednas, grasas saludables, fibra y antioxidantes, favoreciendo la salud cardiovascular y digestiva. Aportan minerales esenciales como el magnesio, zinc y hierro, que refuerzan el sistema inmunol\u00f3gico y mejoran la salud \u00f3sea. Son un snack delicioso y vers\u00e1til, ideal para agregar a ensaladas, batidos o disfrutar solas como una [&hellip;]<\/p>\n","protected":false},"featured_media":1766,"comment_status":"closed","ping_status":"closed","template":"","meta":[],"product_brand":[],"product_cat":[53],"product_tag":[],"class_list":{"0":"post-1763","1":"product","2":"type-product","3":"status-publish","4":"has-post-thumbnail","6":"product_cat-semillas","8":"first","9":"instock","10":"shipping-taxable","11":"purchasable","12":"product-type-variable"},"_links":{"self":[{"href":"https:\/\/frutosdelmauco.cl\/index.php\/wp-json\/wp\/v2\/product\/1763","targetHints":{"allow":["GET"]}}],"collection":[{"href":"https:\/\/frutosdelmauco.cl\/index.php\/wp-json\/wp\/v2\/product"}],"about":[{"href":"https:\/\/frutosdelmauco.cl\/index.php\/wp-json\/wp\/v2\/types\/product"}],"replies":[{"embeddable":true,"href":"https:\/\/frutosdelmauco.cl\/index.php\/wp-json\/wp\/v2\/comments?post=1763"}],"wp:featuredmedia":[{"embeddable":true,"href":"https:\/\/frutosdelmauco.cl\/index.php\/wp-json\/wp\/v2\/media\/1766"}],"wp:attachment":[{"href":"https:\/\/frutosdelmauco.cl\/index.php\/wp-json\/wp\/v2\/media?parent=1763"}],"wp:term":[{"taxonomy":"product_brand","embeddable":true,"href":"https:\/\/frutosdelmauco.cl\/index.php\/wp-json\/wp\/v2\/product_brand?post=1763"},{"taxonomy":"product_cat","embeddable":true,"href":"https:\/\/frutosdelmauco.cl\/index.php\/wp-json\/wp\/v2\/product_cat?post=1763"},{"taxonomy":"product_tag","embeddable":true,"href":"https:\/\/frutosdelmauco.cl\/index.php\/wp-json\/wp\/v2\/product_tag?post=1763"}],"curies":[{"name":"wp","href":"https:\/\/api.w.org\/{rel}","templated":true}]}}